{"id":4237,"date":"2025-01-04T16:54:22","date_gmt":"2025-01-04T16:54:22","guid":{"rendered":"https:\/\/universidad.confenacam.org\/confe\/?page_id=4237"},"modified":"2025-01-08T18:42:16","modified_gmt":"2025-01-08T18:42:16","slug":"credito","status":"publish","type":"page","link":"https:\/\/universidad.confenacam.org\/confe\/credito\/","title":{"rendered":"Cr\u00e9dito"},"content":{"rendered":"\t\t<div data-elementor-type=\"wp-page\" data-elementor-id=\"4237\" class=\"elementor elementor-4237\">\n\t\t\t\t<div class=\"elementor-element elementor-element-95d007a e-flex e-con-boxed e-con e-parent\" data-id=\"95d007a\" data-element_type=\"container\">\n\t\t\t\t\t<div class=\"e-con-inner\">\n\t\t\t\t<div class=\"elementor-element elementor-element-70eafad elementor-widget elementor-widget-html\" data-id=\"70eafad\" data-element_type=\"widget\" data-widget_type=\"html.default\">\n\t\t\t\t<div class=\"elementor-widget-container\">\n\t\t\t\t\t<section class=\"credito\">\n\n        <div class=\"box simulador\">\n            <p class=\"credito__txt\">\n                <strong>Nota:<\/strong> Esto es un ejercicio matem\u00e1tico, no representa la aprobaci\u00f3n del cr\u00e9dito.\n            <\/p>\n    \t\t<div class=\"box__simulador\">\n    \t\t\t<div class=\"box__simulador__left\">\n    \t\t\t\t<form action=\"\" id=\"frmCredito\" data-gtm-form-interact-id=\"0\">\n                        <input type=\"hidden\" id=\"afiliado\" value=\"\">\n    \t\t\t\t\t<div class=\"frm__group\">\n    \t\t\t\t\t\t<label for=\"credito\">Tipo de Cr\u00e9dito:<\/label>\n    \t\t\t\t\t\t<select class=\"frm__select\" id=\"sTipoCredito\" data-gtm-form-interact-field-id=\"0\"><option value=\"\">Seleccione<\/option><\/select>\n    \t\t\t\t\t<\/div>\n    \t\t\t\t\t<div class=\"frm__group\">\n    \t\t\t\t\t\t<label for=\"monto\">Monto del Pr\u00e9stamo:<\/label>\n                            <div class=\"frm__note\" id=\"montoNote\" data-monto-minimo=\"30000\" data-monto-maximo=\"180000\">M\u00ednimo $30,000, M\u00e1ximo $180,000<\/div>\n    \t\t\t\t\t\t<input type=\"text\" value=\"\" class=\"frm__input\" id=\"sMonto\" autocomplete=\"off\" maxlength=\"20\" data-gtm-form-interact-field-id=\"1\">\n    \t\t\t\t\t<\/div>\n    \t\t\t\t\t<div class=\"frm__group\">\n    \t\t\t\t\t\t<label for=\"plazo\">Plazo (en meses):<\/label>\n                            <div class=\"frm__note\" id=\"plazoMinimoNote\" data-plazo-minimo=\"12\">M\u00ednimo 12 meses<\/div>\n    \t\t\t\t\t\t<input type=\"text\" value=\"\" class=\"frm__input\" id=\"sPlazo\" autocomplete=\"off\" maxlength=\"2\" data-gtm-form-interact-field-id=\"2\">\n    \t\t\t\t\t<\/div>\n    \t\t\t\t\t<div class=\"frm__group\">\n    \t\t\t\t\t\t<label for=\"interes\">Inter\u00e9s Mensual:<\/label>\n    \t\t\t\t\t\t<input type=\"text\" value=\"1%\" class=\"frm__input readonly\" id=\"sInteres\" readonly=\"\">\n    \t\t\t\t\t<\/div>\n    \t\t\t\t\t<div class=\"frm__errmsg\" id=\"sMsgErr\" style=\"display: none;\"><\/div>\n    \t\t\t\t\t<div class=\"frm__group\">\n    \t\t\t\t\t\t<input type=\"button\" value=\"Simular Cr\u00e9dito\" class=\"frm__btn\" id=\"btnSimular\">\n    \t\t\t\t\t<\/div>\n    \t\t\t\t<\/form>\n    \t\t\t<\/div>\n    \t\t\t<div class=\"box__simulador__middle\">\n    \t\t\t\t<div class=\"box__simulador__line\"><\/div>\n    \t\t\t<\/div>\n    \t\t\t<div class=\"box__simulador__right\">\n    \t\t\t\t<h2 class=\"resim__title\">\n    \t\t\t\t\t<img decoding=\"async\" src=\"https:\/\/universidad.confenacam.org\/confe\/wp-content\/uploads\/credito\/check.svg\" alt=\"\">\n    \t\t\t\t\tSimulaci\u00f3n de cr\u00e9dito\n    \t\t\t\t<\/h2>\n\n                    <div class=\"resim__result\">\n        \t\t\t\t<div class=\"resim__group\">\n        \t\t\t\t\t<div class=\"resim__item\">Monto del pr\u00e9stamo:<\/div>\n        \t\t\t\t\t<div class=\"resim__value\" id=\"rsMonto2\">$30,000<\/div>\n        \t\t\t\t<\/div>\n\n        \t\t\t\t<div class=\"resim__group\">\n        \t\t\t\t\t<div class=\"resim__item\">Plazo:<\/div>\n        \t\t\t\t\t<div class=\"resim__value\" id=\"rsPlazo2\">12 meses<\/div>\n        \t\t\t\t<\/div>\n\n        \t\t\t\t<div class=\"resim__group\">\n        \t\t\t\t\t<div class=\"resim__item\">Tasa de inter\u00e9s mensual:<\/div>\n        \t\t\t\t\t<div class=\"resim__value\" id=\"rsInteres2\">1.00%<\/div>\n        \t\t\t\t<\/div>\n\n        \t\t\t\t<div class=\"resim__group\">\n        \t\t\t\t\t<div class=\"resim__item\">Pago mensual:<\/div>\n        \t\t\t\t\t<div class=\"resim__value\" id=\"rsPagoMensual2\">$2,665.46<\/div>\n        \t\t\t\t<\/div>\n\n        \t\t\t\t<div class=\"resim__group\">\n        \t\t\t\t\t<div class=\"resim__item\">Pago bimestral:<\/div>\n        \t\t\t\t\t<div class=\"resim__value\" id=\"rsPagoBimestral2\">$5,330.93<\/div>\n        \t\t\t\t<\/div>\n\n        \t\t\t\t<div class=\"resim__group\">\n        \t\t\t\t\t<div class=\"resim__item\">Pago semestral:<\/div>\n        \t\t\t\t\t<div class=\"resim__value\" id=\"rsPagoSemestral2\">$15,992.78<\/div>\n        \t\t\t\t<\/div>\n\n                        <div class=\"resim__group\">\n        \t\t\t\t\t<div class=\"resim__item\">Pago anual:<\/div>\n        \t\t\t\t\t<div class=\"resim__value\" id=\"rsPagoAnual2\">$31,985.56<\/div>\n        \t\t\t\t<\/div>\n\n                        <div class=\"resim__group\">\n        \t\t\t\t\t<div class=\"resim__item\">Monto total a pagar:<\/div>\n        \t\t\t\t\t<div class=\"resim__value\" id=\"rsMontoTotalPagar2\">$31,985.56<\/div>\n        \t\t\t\t<\/div>\n\n        \t\t\t\t<div class=\"resim__note\">\n        \t\t\t\t\t<strong>Nota:<\/strong> Afiliate <strong>por 3 a\u00f1os<\/strong> por un pago \u00fanico de $219 MXN.\n        \t\t\t\t<\/div>\n\n        \t\t\t\t<div class=\"resim__button\">\n        \t\t\t\t\t<a href=\"https:\/\/confenacam.org\/registro-afiliacion\" class=\"resim__btn\">Afiliate<\/a>\n        \t\t\t\t<\/div>\n                    <\/div>\n    \t\t\t<\/div>\n    \t\t<\/div>\n    \t<\/div>\n    \t\n    \t<div class=\"modal2\" id=\"modal\"><\/div>\n\n\t<div class=\"resim\" id=\"resimBox\">\n\t\t<div class=\"resim__close\" id=\"resimClose\">\n\t\t\t<img decoding=\"async\" src=\"https:\/\/universidad.confenacam.org\/confe\/wp-content\/uploads\/credito\/close.svg\" alt=\"Cerrar\">\n\t\t<\/div>\n\t\t<h2 class=\"resim__title\">\n\t\t\t<img decoding=\"async\" src=\"https:\/\/universidad.confenacam.org\/confe\/wp-content\/uploads\/credito\/check.svg\" alt=\"\">\n\t\t\tSimulaci\u00f3n de cr\u00e9dito\n\t\t<\/h2>\n\n\t\t<div class=\"resim__group\">\n\t\t\t<div class=\"resim__item\">Monto del pr\u00e9stamo:<\/div>\n\t\t\t<div class=\"resim__value\" id=\"rsMonto\">$0<\/div>\n\t\t<\/div>\n\n\t\t<div class=\"resim__group\">\n\t\t\t<div class=\"resim__item\">Plazo:<\/div>\n\t\t\t<div class=\"resim__value\" id=\"rsPlazo\">12 meses<\/div>\n\t\t<\/div>\n\n\t\t<div class=\"resim__group\">\n\t\t\t<div class=\"resim__item\">Tasa de inter\u00e9s mensual:<\/div>\n\t\t\t<div class=\"resim__value\" id=\"rsInteres\">1%<\/div>\n\t\t<\/div>\n\n\t\t<div class=\"resim__group\">\n\t\t\t<div class=\"resim__item\">Pago mensual:<\/div>\n\t\t\t<div class=\"resim__value\" id=\"rsPagoMensual\">$0<\/div>\n\t\t<\/div>\n\n\t\t<div class=\"resim__group\">\n\t\t\t<div class=\"resim__item\">Pago bimestral:<\/div>\n\t\t\t<div class=\"resim__value\" id=\"rsPagoBimestral\">$0<\/div>\n\t\t<\/div>\n\n\t\t<div class=\"resim__group\">\n\t\t\t<div class=\"resim__item\">Pago semestral:<\/div>\n\t\t\t<div class=\"resim__value\" id=\"rsPagoSemestral\">$0<\/div>\n\t\t<\/div>\n\n        <div class=\"resim__group\">\n\t\t\t<div class=\"resim__item\">Pago anual:<\/div>\n\t\t\t<div class=\"resim__value\" id=\"rsPagoAnual\">$0<\/div>\n\t\t<\/div>\n\n        <div class=\"resim__group\">\n\t\t\t<div class=\"resim__item\">Monto total a pagar:<\/div>\n\t\t\t<div class=\"resim__value\" id=\"rsMontoTotalPagar\">$0<\/div>\n\t\t<\/div>\n\n\t\t<div class=\"resim__note\">\n            <strong>Nota:<\/strong> Afiliate <strong>por 3 a\u00f1os<\/strong> por un pago \u00fanico de $219 MXN.\n        <\/div>\n\n\t\t<div class=\"resim__button\">\n\t\t\t<a href=\"https:\/\/confenacam.org\/registro-afiliacion\" class=\"resim__btn\">Af\u00edliate<\/a>\n\t\t<\/div>\n\t<\/div>\n\n    <\/section>\t\t\t\t<\/div>\n\t\t\t\t<\/div>\n\t\t\t\t\t<\/div>\n\t\t\t\t<\/div>\n\t\t\t\t<\/div>\n\t\t","protected":false},"excerpt":{"rendered":"<p>Nota: Esto es un ejercicio matem\u00e1tico, no representa la aprobaci\u00f3n del cr\u00e9dito. Tipo de Cr\u00e9dito: Seleccione Monto del Pr\u00e9stamo: M\u00ednimo $30,000, M\u00e1ximo $180,000 Plazo (en meses): M\u00ednimo 12 meses Inter\u00e9s Mensual: Simulaci\u00f3n de cr\u00e9dito Monto del pr\u00e9stamo: $30,000 Plazo: 12 meses Tasa de inter\u00e9s mensual: 1.00% Pago mensual: $2,665.46 Pago bimestral: $5,330.93 Pago semestral: $15,992.78&#8230;<\/p>\n","protected":false},"author":1,"featured_media":0,"parent":0,"menu_order":0,"comment_status":"closed","ping_status":"closed","template":"elementor_header_footer","meta":{"footnotes":""},"class_list":["post-4237","page","type-page","status-publish","hentry"],"_links":{"self":[{"href":"https:\/\/universidad.confenacam.org\/confe\/wp-json\/wp\/v2\/pages\/4237","targetHints":{"allow":["GET"]}}],"collection":[{"href":"https:\/\/universidad.confenacam.org\/confe\/wp-json\/wp\/v2\/pages"}],"about":[{"href":"https:\/\/universidad.confenacam.org\/confe\/wp-json\/wp\/v2\/types\/page"}],"author":[{"embeddable":true,"href":"https:\/\/universidad.confenacam.org\/confe\/wp-json\/wp\/v2\/users\/1"}],"replies":[{"embeddable":true,"href":"https:\/\/universidad.confenacam.org\/confe\/wp-json\/wp\/v2\/comments?post=4237"}],"version-history":[{"count":22,"href":"https:\/\/universidad.confenacam.org\/confe\/wp-json\/wp\/v2\/pages\/4237\/revisions"}],"predecessor-version":[{"id":4710,"href":"https:\/\/universidad.confenacam.org\/confe\/wp-json\/wp\/v2\/pages\/4237\/revisions\/4710"}],"wp:attachment":[{"href":"https:\/\/universidad.confenacam.org\/confe\/wp-json\/wp\/v2\/media?parent=4237"}],"curies":[{"name":"wp","href":"https:\/\/api.w.org\/{rel}","templated":true}]}}